{"id":131,"date":"2025-04-23T19:06:13","date_gmt":"2025-04-23T19:06:13","guid":{"rendered":"https:\/\/expandeum.com\/?page_id=131"},"modified":"2025-12-10T02:50:39","modified_gmt":"2025-12-10T02:50:39","slug":"services","status":"publish","type":"page","link":"https:\/\/expandeum.com\/de\/services\/","title":{"rendered":"Was wir tun"},"content":{"rendered":"<section class=\"bde-section-131-438 bde-section\">\n  \n  \n\t\n\n\n\n<div class=\"section-container\"><div class=\"bde-columns-131-439 bde-columns\"><div class=\"bde-column-131-440 bde-column\">\n  \n  \n\t\n\n\n\n<h5 class=\"bde-heading-131-441 bde-heading\">\nWhat We Do\n<\/h5><h1 class=\"bde-heading-131-442 bde-heading\">\nA marketing agency built for brands that seek more than just \"Good Enough\"\n<\/h1><div class=\"bde-rich-text-131-443 bde-rich-text breakdance-rich-text-styles\">\n<p>Wir sind nicht hier, um K\u00e4stchen abzuhaken oder Standardl\u00f6sungen zu liefern. <strong>Bei Expandeum helfen wir ambitionierten Marken beim Wachsen.<\/strong> durch strategisches Marketing, zielgerichtetes Design und digitale Erlebnisse, die wirklich Wirkung zeigen.<\/p>\n<\/div>\n<\/div><\/div><div class=\"bde-globalblock-131-485 bde-globalblock\"><div class=\"bde-advancedslider-432-100-432-1 bde-advancedslider bde-advancedslider-432-100\">\n<div class=\"breakdance-swiper-wrapper\" data-swiper-id=\"100\">\n  <div class=\"swiper\">\n    <div class=\"swiper-wrapper\">\n      <div class=\"bde-advancedslide-432-101-432-1 bde-advancedslide hover-box bde-advancedslide-432-101 swiper-slide\"><div class=\"advanced-slider__slide\">\r\n  <a class=\"bde-container-link-432-102-432-1 bde-container-link bde-container-link-432-102 breakdance-link\" href=\"#\" target=\"_self\" data-type=\"action\" data-action=\"{&quot;type&quot;:&quot;popup&quot;,&quot;popupOptions&quot;:{&quot;popupId&quot;:&quot;905&quot;,&quot;popupAction&quot;:&quot;open&quot;}}\">\n  \n  \n\t\n\n\n\n<img decoding=\"async\" class=\"bde-image2-432-103-432-1 bde-image2 bde-image2-432-103\" src=\"https:\/\/expandeum.com\/wp-content\/uploads\/2025\/06\/DESIGN-COVER_11zon_11zon-scaled.webp\" loading=\"lazy\" srcset=\"https:\/\/expandeum.com\/wp-content\/uploads\/2025\/06\/DESIGN-COVER_11zon_11zon-scaled.webp 2560w, https:\/\/expandeum.com\/wp-content\/uploads\/2025\/06\/DESIGN-COVER_11zon_11zon-300x212.webp 300w, https:\/\/expandeum.com\/wp-content\/uploads\/2025\/06\/DESIGN-COVER_11zon_11zon-1024x724.webp 1024w, https:\/\/expandeum.com\/wp-content\/uploads\/2025\/06\/DESIGN-COVER_11zon_11zon-768x543.webp 768w, https:\/\/expandeum.com\/wp-content\/uploads\/2025\/06\/DESIGN-COVER_11zon_11zon-1536x1086.webp 1536w, https:\/\/expandeum.com\/wp-content\/uploads\/2025\/06\/DESIGN-COVER_11zon_11zon-2048x1448.webp 2048w\" sizes=\"(max-width: 2560px) 100vw, 2560px\"><div class=\"bde-button-432-122-432-1 bde-button follow-dot bde-button-432-122\">\n        \n    \n    \n    \n    \n            \n            <button type=\"button\" class=\"button-atom button-atom--primary bde-button__button\"  >\n    \n        <span class=\"button-atom__text\">Learn More<\/span>\n\n        \n        \n            <\/button>\n    \n\n\n<\/div>\n\n<\/a>\r\n<\/div><\/div><div class=\"bde-advancedslide-432-104-432-1 bde-advancedslide bde-advancedslide-432-104 swiper-slide\"><div class=\"advanced-slider__slide\">\r\n  <a class=\"bde-container-link-432-105-432-1 bde-container-link hover-box bde-container-link-432-105 breakdance-link\" href=\"#\" target=\"_self\" data-type=\"action\" data-action=\"{&quot;type&quot;:&quot;popup&quot;,&quot;popupOptions&quot;:{&quot;popupId&quot;:&quot;892&quot;,&quot;popupAction&quot;:&quot;open&quot;}}\">\n  \n  \n\t\n\n\n\n<img decoding=\"async\" class=\"bde-image2-432-106-432-1 bde-image2 bde-image2-432-106\" src=\"https:\/\/expandeum.com\/wp-content\/uploads\/2025\/06\/WEB-MANAGEMENT-4-Large.jpg\" loading=\"lazy\" srcset=\"https:\/\/expandeum.com\/wp-content\/uploads\/2025\/06\/WEB-MANAGEMENT-4-Large.jpg 1528w, https:\/\/expandeum.com\/wp-content\/uploads\/2025\/06\/WEB-MANAGEMENT-4-Large-300x212.jpg 300w, https:\/\/expandeum.com\/wp-content\/uploads\/2025\/06\/WEB-MANAGEMENT-4-Large-1024x724.jpg 1024w, https:\/\/expandeum.com\/wp-content\/uploads\/2025\/06\/WEB-MANAGEMENT-4-Large-768x543.jpg 768w\" sizes=\"(max-width: 1528px) 100vw, 1528px\"><div class=\"bde-button-432-124-432-1 bde-button follow-dot bde-button-432-124\">\n        \n    \n    \n    \n    \n            \n            <button type=\"button\" class=\"button-atom button-atom--primary bde-button__button\"  >\n    \n        <span class=\"button-atom__text\">Learn More<\/span>\n\n        \n        \n            <\/button>\n    \n\n\n<\/div>\n\n<\/a>\r\n<\/div><\/div><div class=\"bde-advancedslide-432-107-432-1 bde-advancedslide bde-advancedslide-432-107 swiper-slide\"><div class=\"advanced-slider__slide\">\r\n  <a class=\"bde-container-link-432-108-432-1 bde-container-link hover-box bde-container-link-432-108 breakdance-link\" href=\"#\" target=\"_self\" data-type=\"action\" data-action=\"{&quot;type&quot;:&quot;popup&quot;,&quot;popupOptions&quot;:{&quot;popupId&quot;:&quot;908&quot;,&quot;popupAction&quot;:&quot;open&quot;}}\">\n  \n  \n\t\n\n\n\n<img decoding=\"async\" class=\"bde-image2-432-109-432-1 bde-image2 bde-image2-432-109\" src=\"https:\/\/expandeum.com\/wp-content\/uploads\/2025\/06\/SOFTWARE-DEVELOPEMENT-Large.jpg\" loading=\"lazy\" srcset=\"https:\/\/expandeum.com\/wp-content\/uploads\/2025\/06\/SOFTWARE-DEVELOPEMENT-Large.jpg 1528w, https:\/\/expandeum.com\/wp-content\/uploads\/2025\/06\/SOFTWARE-DEVELOPEMENT-Large-300x212.jpg 300w, https:\/\/expandeum.com\/wp-content\/uploads\/2025\/06\/SOFTWARE-DEVELOPEMENT-Large-1024x724.jpg 1024w, https:\/\/expandeum.com\/wp-content\/uploads\/2025\/06\/SOFTWARE-DEVELOPEMENT-Large-768x543.jpg 768w\" sizes=\"(max-width: 1528px) 100vw, 1528px\"><div class=\"bde-button-432-125-432-1 bde-button follow-dot bde-button-432-125\">\n        \n    \n    \n    \n    \n            \n            <button type=\"button\" class=\"button-atom button-atom--primary bde-button__button\"  >\n    \n        <span class=\"button-atom__text\">Learn More<\/span>\n\n        \n        \n            <\/button>\n    \n\n\n<\/div>\n\n<\/a>\r\n<\/div><\/div><div class=\"bde-advancedslide-432-110-432-1 bde-advancedslide bde-advancedslide-432-110 swiper-slide\"><div class=\"advanced-slider__slide\">\r\n  <a class=\"bde-container-link-432-111-432-1 bde-container-link hover-box bde-container-link-432-111 breakdance-link\" href=\"#\" target=\"_self\" data-type=\"action\" data-action=\"{&quot;type&quot;:&quot;popup&quot;,&quot;popupOptions&quot;:{&quot;popupId&quot;:&quot;860&quot;,&quot;popupAction&quot;:&quot;open&quot;}}\">\n  \n  \n\t\n\n\n\n<img decoding=\"async\" class=\"bde-image2-432-112-432-1 bde-image2 bde-image2-432-112\" src=\"https:\/\/expandeum.com\/wp-content\/uploads\/2025\/06\/Digital-Marketing-Medium.jpg\" loading=\"lazy\" srcset=\"https:\/\/expandeum.com\/wp-content\/uploads\/2025\/06\/Digital-Marketing-Medium.jpg 1086w, https:\/\/expandeum.com\/wp-content\/uploads\/2025\/06\/Digital-Marketing-Medium-300x212.jpg 300w, https:\/\/expandeum.com\/wp-content\/uploads\/2025\/06\/Digital-Marketing-Medium-1024x724.jpg 1024w, https:\/\/expandeum.com\/wp-content\/uploads\/2025\/06\/Digital-Marketing-Medium-768x543.jpg 768w, https:\/\/expandeum.com\/wp-content\/uploads\/2025\/06\/Digital-Marketing-Medium-18x12.jpg 18w\" sizes=\"(max-width: 1086px) 100vw, 1086px\"><div class=\"bde-button-432-126-432-1 bde-button follow-dot bde-button-432-126\">\n        \n    \n    \n    \n    \n            \n            <button type=\"button\" class=\"button-atom button-atom--primary bde-button__button\"  >\n    \n        <span class=\"button-atom__text\">Learn More<\/span>\n\n        \n        \n            <\/button>\n    \n\n\n<\/div>\n\n<\/a>\r\n<\/div><\/div><div class=\"bde-advancedslide-432-113-432-1 bde-advancedslide bde-advancedslide-432-113 swiper-slide\"><div class=\"advanced-slider__slide\">\r\n  <a class=\"bde-container-link-432-114-432-1 bde-container-link hover-box bde-container-link-432-114 breakdance-link\" href=\"#\" target=\"_self\" data-type=\"action\" data-action=\"{&quot;type&quot;:&quot;popup&quot;,&quot;popupOptions&quot;:{&quot;popupId&quot;:&quot;897&quot;,&quot;popupAction&quot;:&quot;open&quot;}}\">\n  \n  \n\t\n\n\n\n<img decoding=\"async\" class=\"bde-image2-432-115-432-1 bde-image2 bde-image2-432-115\" src=\"https:\/\/expandeum.com\/wp-content\/uploads\/2025\/06\/SEO-Large.jpg\" loading=\"lazy\" srcset=\"https:\/\/expandeum.com\/wp-content\/uploads\/2025\/06\/SEO-Large.jpg 1528w, https:\/\/expandeum.com\/wp-content\/uploads\/2025\/06\/SEO-Large-300x212.jpg 300w, https:\/\/expandeum.com\/wp-content\/uploads\/2025\/06\/SEO-Large-1024x724.jpg 1024w, https:\/\/expandeum.com\/wp-content\/uploads\/2025\/06\/SEO-Large-768x543.jpg 768w\" sizes=\"(max-width: 1528px) 100vw, 1528px\"><div class=\"bde-button-432-127-432-1 bde-button follow-dot bde-button-432-127\">\n        \n    \n    \n    \n    \n            \n            <button type=\"button\" class=\"button-atom button-atom--primary bde-button__button\"  >\n    \n        <span class=\"button-atom__text\">Learn More<\/span>\n\n        \n        \n            <\/button>\n    \n\n\n<\/div>\n\n<\/a>\r\n<\/div><\/div><div class=\"bde-advancedslide-432-119-432-1 bde-advancedslide bde-advancedslide-432-119 swiper-slide\"><div class=\"advanced-slider__slide\">\r\n  <a class=\"bde-container-link-432-120-432-1 bde-container-link hover-box bde-container-link-432-120 breakdance-link\" href=\"#\" target=\"_self\" data-type=\"action\" data-action=\"{&quot;type&quot;:&quot;popup&quot;,&quot;popupOptions&quot;:{&quot;popupId&quot;:&quot;902&quot;,&quot;popupAction&quot;:&quot;open&quot;}}\">\n  \n  \n\t\n\n\n\n<img decoding=\"async\" class=\"bde-image2-432-121-432-1 bde-image2 bde-image2-432-121\" src=\"https:\/\/expandeum.com\/wp-content\/uploads\/2025\/06\/Data-analytics-Large.jpg\" loading=\"lazy\" srcset=\"https:\/\/expandeum.com\/wp-content\/uploads\/2025\/06\/Data-analytics-Large.jpg 1528w, https:\/\/expandeum.com\/wp-content\/uploads\/2025\/06\/Data-analytics-Large-300x212.jpg 300w, https:\/\/expandeum.com\/wp-content\/uploads\/2025\/06\/Data-analytics-Large-1024x724.jpg 1024w, https:\/\/expandeum.com\/wp-content\/uploads\/2025\/06\/Data-analytics-Large-768x543.jpg 768w\" sizes=\"(max-width: 1528px) 100vw, 1528px\"><div class=\"bde-button-432-128-432-1 bde-button follow-dot bde-button-432-128\">\n        \n    \n    \n    \n    \n            \n            <button type=\"button\" class=\"button-atom button-atom--primary bde-button__button\"  >\n    \n        <span class=\"button-atom__text\">Learn More<\/span>\n\n        \n        \n            <\/button>\n    \n\n\n<\/div>\n\n<\/a>\r\n<\/div><\/div>\n    <\/div>\n  <\/div>\n\n              <div class=\"swiper-button-prev\">\n            \n        <\/div>\n        <div class=\"swiper-button-next\">\n            \n        <\/div>\n    \n    \n<\/div>\n\n<\/div><section class=\"bde-section-432-133-432-1 bde-section bde-section-432-133\">\n  \n  \n\t\n\n\n\n<div class=\"section-container\"><div class=\"bde-code-block-432-123-432-1 bde-code-block bde-code-block-432-123\">\n\n  <script>\n  \/\/ Get all boxes\n  const boxes = document.querySelectorAll('.hover-box');\n\n  boxes.forEach((box) => {\n    const dot = box.querySelector('.follow-dot'); \/\/ Find dot inside this box\n\n    box.addEventListener('mousemove', (e) => {\n      const rect = box.getBoundingClientRect();\n      const x = e.clientX - rect.left;\n      const y = e.clientY - rect.top;\n      dot.style.left = `${x}px`;\n      dot.style.top = `${y}px`;\n    });\n  });\n<\/script>\n\n\n\n<\/div><\/div>\n<\/section><\/div><div id=\"cursorImage\" class=\"bde-div-131-454 bde-div cursor-image\">\n  \n  \n\t\n\n\n\n\n<\/div><div class=\"bde-columns-131-476 bde-columns\"><div class=\"bde-column-131-477 bde-column\">\n  \n  \n\t\n\n\n\n<img decoding=\"async\" class=\"bde-image2-131-478 bde-image2 floating-img\" src=\"https:\/\/expandeum.com\/wp-content\/uploads\/2025\/07\/expandeum.webp\" loading=\"lazy\" srcset=\"https:\/\/expandeum.com\/wp-content\/uploads\/2025\/07\/expandeum.webp 1024w, https:\/\/expandeum.com\/wp-content\/uploads\/2025\/07\/expandeum-300x300.webp 300w, https:\/\/expandeum.com\/wp-content\/uploads\/2025\/07\/expandeum-150x150.webp 150w, https:\/\/expandeum.com\/wp-content\/uploads\/2025\/07\/expandeum-768x768.webp 768w\" sizes=\"(max-width: 1024px) 100vw, 1024px\">\n<\/div><div class=\"bde-column-131-479 bde-column\" data-parallax=\"true\">\n  \n  \n\t\n\n\n\n<h5 class=\"bde-heading-131-480 bde-heading\">\nOur Process\n<\/h5><h2 class=\"bde-heading-131-481 bde-heading\">\nWe Design with Purpose. We Build for Impact.\n<\/h2><div class=\"bde-rich-text-131-482 bde-rich-text breakdance-rich-text-styles\">\n<p><span style=\"font-weight: 400;\">Als Digitalagentur konzentrieren wir uns darauf, Arbeiten zu schaffen, die unseren Kunden helfen, mit Klarheit und Zuversicht voranzukommen. <\/span><span style=\"font-weight: 400;\">Unser Prozess ist durchdacht und kollaborativ, datengest\u00fctzt und auf die Ziele jeder Marke zugeschnitten.<\/span><\/p>\n<p><span style=\"font-weight: 400;\">Seit \u00fcber einem Jahrzehnt arbeiten wir mit ambitionierten Teams zusammen, um \u00fcber Standardl\u00f6sungen hinauszugehen und digitale Grundlagen zu schaffen, die mit ihnen wachsen.<\/span><\/p>\n<\/div><div class=\"bde-button-131-483 bde-button\">\n        \n    \n    \n    \n    \n            \n                    \n            \n            \n\n    \n    \n    \n    \n    \n    <a class=\"breakdance-link button-atom button-atom--primary bde-button__button\" href=\"https:\/\/expandeum.com\/why-choose-us\/\" target=\"_self\" data-type=\"url\"  >\n\n    \n        <span class=\"button-atom__text\">Read More<\/span>\n\n        \n        \n                <\/a>\n\n    \n\n\n<\/div>\n<\/div><\/div><div class=\"bde-globalblock-131-484 bde-globalblock\"><div class=\"bde-columns-133-100-133-1 bde-columns bde-columns-133-100\" data-parallax=\"true\"><div class=\"bde-column-133-101-133-1 bde-column bde-column-133-101\">\n  \n  \n\t\n\n\n\n<div class=\"bde-div-133-103-133-1 bde-div bde-div-133-103\">\n  \n  \n\t\n\n\n\n<div class=\"bde-text-133-104-133-1 bde-text bde-text-133-104\">\nGET IN TOUCH\n<\/div>\n<\/div><h2 class=\"bde-heading-133-102-133-1 bde-heading bde-heading-133-102\">\nLiked what you saw? <br>Let\u2019s have a conversation.<br>\n<\/h2><div class=\"bde-div-133-120-133-1 bde-div bde-div-133-120\">\n  \n  \n\t\n\n\n\n<div class=\"bde-text-133-119-133-1 bde-text bde-text-133-119\">\nHate Contact Forms?\n<\/div><a class=\"bde-text-link-133-118-133-1 bde-text-link bde-text-link-133-118 breakdance-link\" href=\"mailto: office@expandeum.com\" target=\"_self\" data-type=\"url\">\n  office@expandeum.com\n\n<\/a>\n<\/div><div class=\"bde-div-133-121-133-1 bde-div bde-div-133-121\">\n  \n  \n\t\n\n\n\n<a class=\"bde-container-link-133-126-133-1 bde-container-link bde-container-link-133-126 breakdance-link\" href=\"https:\/\/www.google.com\/search?q=expandeum&amp;rlz=1C1CHBF_en-GBPK1162PK1162&amp;oq=expandeum+&amp;gs_lcrp=EgZjaHJvbWUyBggAEEUYOTIICAEQABgNGB4yCAgCEAAYChgeMgYIAxBFGDwyBggEEEUYPDIGCAUQRRg9MgYIBhBFGDwyBggHEEUYPdIBCDI0MjlqMGo3qAIAsAIA&amp;sourceid=chrome&amp;ie=UTF-8#\" target=\"_self\" data-type=\"url\" rel=\"noopener\">\n  \n  \n\t\n\n\n\n<img decoding=\"async\" class=\"bde-image2-133-122-133-1 bde-image2 bde-image2-133-122\" src=\"https:\/\/expandeum.com\/wp-content\/uploads\/2025\/04\/Sticker-1-scaled.png\" loading=\"lazy\" srcset=\"https:\/\/expandeum.com\/wp-content\/uploads\/2025\/04\/Sticker-1-scaled.png 2560w, https:\/\/expandeum.com\/wp-content\/uploads\/2025\/04\/Sticker-1-300x138.png 300w, https:\/\/expandeum.com\/wp-content\/uploads\/2025\/04\/Sticker-1-1024x471.png 1024w, https:\/\/expandeum.com\/wp-content\/uploads\/2025\/04\/Sticker-1-768x354.png 768w, https:\/\/expandeum.com\/wp-content\/uploads\/2025\/04\/Sticker-1-1536x707.png 1536w, https:\/\/expandeum.com\/wp-content\/uploads\/2025\/04\/Sticker-1-2048x943.png 2048w\" sizes=\"(max-width: 2560px) 100vw, 2560px\">\n\n<\/a><a class=\"bde-container-link-133-125-133-1 bde-container-link bde-container-link-133-125 breakdance-link\" href=\"https:\/\/clutch.co\/profile\/expandeum\" target=\"_self\" data-type=\"url\" rel=\"noopener\">\n  \n  \n\t\n\n\n\n<img decoding=\"async\" class=\"bde-image2-133-123-133-1 bde-image2 bde-image2-133-123\" src=\"https:\/\/expandeum.com\/wp-content\/uploads\/2025\/04\/Logo-scaled.png\" loading=\"lazy\" srcset=\"https:\/\/expandeum.com\/wp-content\/uploads\/2025\/04\/Logo-scaled.png 2560w, https:\/\/expandeum.com\/wp-content\/uploads\/2025\/04\/Logo-300x138.png 300w, https:\/\/expandeum.com\/wp-content\/uploads\/2025\/04\/Logo-1024x471.png 1024w, https:\/\/expandeum.com\/wp-content\/uploads\/2025\/04\/Logo-768x354.png 768w, https:\/\/expandeum.com\/wp-content\/uploads\/2025\/04\/Logo-1536x707.png 1536w, https:\/\/expandeum.com\/wp-content\/uploads\/2025\/04\/Logo-2048x943.png 2048w\" sizes=\"(max-width: 2560px) 100vw, 2560px\">\n\n<\/a>\n<\/div>\n<\/div><div class=\"bde-column-133-109-133-1 bde-column bde-column-133-109\">\n  \n  \n\t\n\n\n\n<div class=\"bde-div-133-111-133-1 bde-div bde-div-133-111\">\n  \n  \n\t\n\n\n\n<div class=\"bde-form-builder-133-115-133-1 bde-form-builder bde-form-builder-133-115\">\n\n<form id=\"contact-form115\" class=\"breakdance-form breakdance-form--vertical\" data-options=\"{&quot;slug&quot;:&quot;custom&quot;,&quot;name&quot;:&quot;Contact Form&quot;,&quot;ajaxUrl&quot;:&quot;https:\\\/\\\/expandeum.com\\\/wp-admin\\\/admin-ajax.php&quot;,&quot;clearOnSuccess&quot;:true,&quot;hideOnSuccess&quot;:false,&quot;successMessage&quot;:&quot;Your message has been received!&quot;,&quot;errorMessage&quot;:&quot;Something went wrong&quot;,&quot;redirect&quot;:true,&quot;redirectUrl&quot;:&quot;https:\\\/\\\/expandeum.com\\\/thank-you\\\/&quot;,&quot;customJavaScript&quot;:&quot;&quot;,&quot;recaptcha&quot;:{&quot;key&quot;:&quot;&quot;,&quot;enabled&quot;:false},&quot;honeypot_enabled&quot;:false,&quot;popupsOnSuccess&quot;:[],&quot;popupsOnError&quot;:[]}\" data-steps=\"0\" >\n  \n  \n  \n<div class=\"breakdance-form-field breakdance-form-field--text\" >\n    \n    \n    \n    <input\n    class=\"breakdance-form-field__input\"\n    id=\"name\"\n    aria-describedby=\"name\"\n    type=\"text\"\n    name=\"fields[name]\"\n    placeholder=\"Name\"\n    value=\"\"\n                \n        \n        \n    required\n    \n    \n    \n    \n    \n>\n\n\n    \n    \n<\/div>\n\n\n<div class=\"breakdance-form-field breakdance-form-field--email\" >\n    \n    \n    \n    <input\n    class=\"breakdance-form-field__input\"\n    id=\"email\"\n    aria-describedby=\"email\"\n    type=\"email\"\n    name=\"fields[email]\"\n    placeholder=\"Email\"\n    value=\"\"\n                \n        \n        \n    required\n    \n    \n    \n    \n    \n>\n\n\n    \n    \n<\/div>\n\n\n<div class=\"breakdance-form-field breakdance-form-field--tel\" >\n    \n    \n    \n    <input\n    class=\"breakdance-form-field__input\"\n    id=\"itolou\"\n    aria-describedby=\"itolou\"\n    type=\"tel\"\n    name=\"fields[itolou]\"\n    placeholder=\"Phone Number\"\n    value=\"\"\n                \n        \n        \n    required\n    \n    \n    \n    \n    \n>\n\n\n    \n    \n<\/div>\n\n\n<div class=\"breakdance-form-field breakdance-form-field--text\" >\n    \n    \n    \n    <input\n    class=\"breakdance-form-field__input\"\n    id=\"gilebx\"\n    aria-describedby=\"gilebx\"\n    type=\"text\"\n    name=\"fields[gilebx]\"\n    placeholder=\"Website\"\n    value=\"\"\n                data-conditional-field-id=\"\"\n            data-conditional-value=\"\"\n        data-conditional-operand=\"equals\"\n\n                \n        \n        \n    \n    \n    \n    \n    \n    \n>\n\n\n    \n    \n<\/div>\n\n\n<div class=\"breakdance-form-field breakdance-form-field--select\" >\n    \n    \n    \n    <select\n    class=\"breakdance-form-field__input\"\n    id=\"cllsds\"\n    name=\"fields[cllsds]\"\n    required\n    \n        \n    \n    >\n      <option value=\"\">Which service you need help with?<\/option>\n          <option value=\"Software Solutions\" >Software Solutions<\/option>\n        <option value=\"Data Analysis\" >Data Analysis<\/option>\n        <option value=\"Digital Marketing\" >Digital Marketing<\/option>\n        <option value=\"Graphic Design\" >Graphic Design<\/option>\n        <option value=\"SEO\" >SEO<\/option>\n        <option value=\"Web Development & Design\" >Web Development & Design <\/option>\n  <\/select>\n\n\n    \n    \n<\/div>\n\n\n<div class=\"breakdance-form-field breakdance-form-field--textarea\" >\n    \n    \n    \n    <textarea\n    class=\"breakdance-form-field__input\"\n    id=\"message\"\n    aria-describedby=\"message\"\n    type=\"textarea\"\n    name=\"fields[message]\"\n        rows=\"1\"\n        placeholder=\"\"\n    required\n    \n    \n    >\n<\/textarea>\n\n\n    \n    \n<\/div><div class=\"breakdance-form-field breakdance-form-footer\">    \n    \n    \n    \n    \n            \n            <button type=\"submit\" class=\"button-atom button-atom--primary breakdance-form-button breakdance-form-button__submit\"  >\n    \n        <span class=\"button-atom__text\">Send Message<\/span>\n\n        \n        \n            <\/button>\n    \n    <input type=\"hidden\" name=\"form_id\" value=\"115\">\n    <input type=\"hidden\" name=\"post_id\" value=\"133\">\n<\/div>\n\n  \n<\/form>\n\n\n<\/div>\n<\/div>\n<\/div><\/div><\/div><\/div>\n<\/section>","protected":false},"excerpt":{"rendered":"<p>What We Do A marketing agency built for brands that seek more than just &#8220;Good Enough&#8221; Wir sind nicht hier, um K\u00e4stchen abzuhaken oder Standardl\u00f6sungen zu liefern. Bei Expandeum helfen wir ambitionierten Marken beim Wachsen. durch strategisches Marketing, zielgerichtetes Design und digitale Erlebnisse, die wirklich Wirkung zeigen. Learn More Learn More Learn More Learn More [&hellip;]<\/p>\n","protected":false},"author":2,"featured_media":0,"parent":0,"menu_order":0,"comment_status":"closed","ping_status":"closed","template":"","meta":{"_acf_changed":false,"_breakdance_hide_in_design_set":false,"_breakdance_tags":"","footnotes":""},"class_list":["post-131","page","type-page","status-publish","hentry"],"acf":[],"_links":{"self":[{"href":"https:\/\/expandeum.com\/de\/wp-json\/wp\/v2\/pages\/131","targetHints":{"allow":["GET"]}}],"collection":[{"href":"https:\/\/expandeum.com\/de\/wp-json\/wp\/v2\/pages"}],"about":[{"href":"https:\/\/expandeum.com\/de\/wp-json\/wp\/v2\/types\/page"}],"author":[{"embeddable":true,"href":"https:\/\/expandeum.com\/de\/wp-json\/wp\/v2\/users\/2"}],"replies":[{"embeddable":true,"href":"https:\/\/expandeum.com\/de\/wp-json\/wp\/v2\/comments?post=131"}],"version-history":[{"count":1,"href":"https:\/\/expandeum.com\/de\/wp-json\/wp\/v2\/pages\/131\/revisions"}],"predecessor-version":[{"id":1747,"href":"https:\/\/expandeum.com\/de\/wp-json\/wp\/v2\/pages\/131\/revisions\/1747"}],"wp:attachment":[{"href":"https:\/\/expandeum.com\/de\/wp-json\/wp\/v2\/media?parent=131"}],"curies":[{"name":"wp","href":"https:\/\/api.w.org\/{rel}","templated":true}]}}