{"id":2153,"date":"2026-05-08T12:15:42","date_gmt":"2026-05-08T12:15:42","guid":{"rendered":"https:\/\/expandeum.com\/?page_id=2153"},"modified":"2026-05-08T12:19:16","modified_gmt":"2026-05-08T12:19:16","slug":"impressum","status":"publish","type":"page","link":"https:\/\/expandeum.com\/de\/impressum\/","title":{"rendered":"Impressum"},"content":{"rendered":"<section class=\"bde-section-2153-100 bde-section\">\n              \n  \n  \n\t\n\n  <div class=\"section-background-overlay\"><\/div>\n\n\n<div class=\"section-container\"><div class=\"bde-div-2153-101 bde-div\">\n  \n  \n\t\n\n\n\n<div class=\"bde-div-2153-102 bde-div\">\n  \n  \n\t\n\n\n\n<img decoding=\"async\" class=\"bde-image2-2153-103 bde-image2\" src=\"https:\/\/expandeum.com\/wp-content\/uploads\/2025\/04\/group-1000003101-680a20130b715.webp\" loading=\"lazy\" srcset=\"https:\/\/expandeum.com\/wp-content\/uploads\/2025\/04\/group-1000003101-680a20130b715.webp 762w, https:\/\/expandeum.com\/wp-content\/uploads\/2025\/04\/group-1000003101-680a20130b715-212x300.webp 212w, https:\/\/expandeum.com\/wp-content\/uploads\/2025\/04\/group-1000003101-680a20130b715-725x1024.webp 725w\" sizes=\"(max-width: 762px) 100vw, 762px\">\n<\/div><div class=\"bde-div-2153-104 bde-div\">\n  \n  \n\t\n\n\n\n<h1 class=\"bde-heading-2153-105 bde-heading\">\nImpressum\n<\/h1><div class=\"bde-text-2153-106 bde-text\">\nGesch\u00e4ftsf\u00fchrer: Adam Ali<br><br>Firmenbuchnummer: FN 585750 y<br>Rechtsform Einzelunternehmer<br><br>Zust\u00e4ndige Beh\u00f6rde: Handelsgericht\n<\/div><div class=\"bde-div-2153-107 bde-div\">\n  \n  \n\t\n\n\n\n<div class=\"bde-icon-list-2153-110 bde-icon-list\">\n<ul>\n  \n              \n    <li>\n                      \n            \n            \n\n    \n    \n    \n    \n    \n    <a class=\"breakdance-link bde-icon-list__item-wrapper\" href=\"mailto:office@expandeum.com\" target=\"_self\" data-type=\"url\"  >\n\n      \n      <span class='bde-icon-list__icon' aria-hidden='true'>\n        <svg xmlns=\"http:\/\/www.w3.org\/2000\/svg\" viewbox=\"0 0 512 512\"><!--! Font Awesome Free 6.5.1 by @fontawesome - https:\/\/fontawesome.com License - https:\/\/fontawesome.com\/license\/free (Icons: CC BY 4.0, Fonts: SIL OFL 1.1, Code: MIT License) Copyright 2023 Fonticons, Inc. --><path d=\"M255.4 48.2c.2-.1 .4-.2 .6-.2s.4 .1 .6 .2L460.6 194c2.1 1.5 3.4 3.9 3.4 6.5v13.6L291.5 355.7c-20.7 17-50.4 17-71.1 0L48 214.1V200.5c0-2.6 1.2-5 3.4-6.5L255.4 48.2zM48 276.2L190 392.8c38.4 31.5 93.7 31.5 132 0L464 276.2V456c0 4.4-3.6 8-8 8H56c-4.4 0-8-3.6-8-8V276.2zM256 0c-10.2 0-20.2 3.2-28.5 9.1L23.5 154.9C8.7 165.4 0 182.4 0 200.5V456c0 30.9 25.1 56 56 56H456c30.9 0 56-25.1 56-56V200.5c0-18.1-8.7-35.1-23.4-45.6L284.5 9.1C276.2 3.2 266.2 0 256 0z\"\/><\/svg>\n      <\/span>\n      <span class='bde-icon-list__text' >\n      office@expandeum.com\n      <\/span>\n                  <\/a>\n\n      \n    <\/li>\n\n  \n              \n    <li>\n              <div class='bde-icon-list__item-wrapper'>\n      \n      <span class='bde-icon-list__icon' aria-hidden='true'>\n        <svg xmlns=\"http:\/\/www.w3.org\/2000\/svg\" viewbox=\"0 0 640 512\"><!-- Font Awesome Free 5.15.1 by @fontawesome - https:\/\/fontawesome.com License - https:\/\/fontawesome.com\/license\/free (Icons: CC BY 4.0, Fonts: SIL OFL 1.1, Code: MIT License) --><path d=\"M431.98 448.01l-47.97.05V416h-128v32.21l-47.98.05c-8.82.01-15.97 7.16-15.98 15.99l-.05 31.73c-.01 8.85 7.17 16.03 16.02 16.02l223.96-.26c8.82-.01 15.97-7.16 15.98-15.98l.04-31.73c.01-8.85-7.17-16.03-16.02-16.02zM585.2 26.74C582.58 11.31 568.99 0 553.06 0H86.93C71 0 57.41 11.31 54.79 26.74-3.32 369.16.04 348.08.03 352c-.03 17.32 14.29 32 32.6 32h574.74c18.23 0 32.51-14.56 32.59-31.79.02-4.08 3.35 16.95-54.76-325.47zM259.83 64h120.33l9.77 96H250.06l9.77-96zm-75.17 256H71.09L90.1 208h105.97l-11.41 112zm16.29-160H98.24l16.29-96h96.19l-9.77 96zm32.82 160l11.4-112h149.65l11.4 112H233.77zm195.5-256h96.19l16.29 96H439.04l-9.77-96zm26.06 256l-11.4-112H549.9l19.01 112H455.33z\"\/><\/svg>\n      <\/span>\n      <span class='bde-icon-list__text' >\n      30. Stock, DC Tower, Donau-City-Stra\u00dfe 7, Wien, A-1220\n      <\/span>\n              <\/div>\n      \n    <\/li>\n\n  <\/ul>\n\n<\/div>\n<\/div>\n<\/div>\n<\/div><\/div>\n<\/section>","protected":false},"excerpt":{"rendered":"<p>Impressum Gesch\u00e4ftsf\u00fchrer: Adam AliFirmenbuchnummer: FN 585750 yRechtsform EinzelunternehmerZust\u00e4ndige Beh\u00f6rde: Handelsgericht office@expandeum.com 30th floor DC Tower, Donau-City-Strasse 7 Vienna, A-1220<\/p>","protected":false},"author":2,"featured_media":0,"parent":0,"menu_order":0,"comment_status":"closed","ping_status":"closed","template":"","meta":{"_acf_changed":false,"_breakdance_hide_in_design_set":false,"_breakdance_tags":"","footnotes":""},"class_list":["post-2153","page","type-page","status-publish","hentry"],"acf":[],"_links":{"self":[{"href":"https:\/\/expandeum.com\/de\/wp-json\/wp\/v2\/pages\/2153","targetHints":{"allow":["GET"]}}],"collection":[{"href":"https:\/\/expandeum.com\/de\/wp-json\/wp\/v2\/pages"}],"about":[{"href":"https:\/\/expandeum.com\/de\/wp-json\/wp\/v2\/types\/page"}],"author":[{"embeddable":true,"href":"https:\/\/expandeum.com\/de\/wp-json\/wp\/v2\/users\/2"}],"replies":[{"embeddable":true,"href":"https:\/\/expandeum.com\/de\/wp-json\/wp\/v2\/comments?post=2153"}],"version-history":[{"count":2,"href":"https:\/\/expandeum.com\/de\/wp-json\/wp\/v2\/pages\/2153\/revisions"}],"predecessor-version":[{"id":2156,"href":"https:\/\/expandeum.com\/de\/wp-json\/wp\/v2\/pages\/2153\/revisions\/2156"}],"wp:attachment":[{"href":"https:\/\/expandeum.com\/de\/wp-json\/wp\/v2\/media?parent=2153"}],"curies":[{"name":"wp","href":"https:\/\/api.w.org\/{rel}","templated":true}]}}