{"id":325,"date":"2025-05-02T14:02:45","date_gmt":"2025-05-02T14:02:45","guid":{"rendered":"https:\/\/expandeum.com\/?page_id=325"},"modified":"2025-12-30T11:32:28","modified_gmt":"2025-12-30T11:32:28","slug":"blogs","status":"publish","type":"page","link":"https:\/\/expandeum.com\/de\/blogs\/","title":{"rendered":"Blogs"},"content":{"rendered":"<section class=\"bde-section-325-100 bde-section\">\n  \n  \n\t\n\n\n\n<div class=\"section-container\"><div class=\"bde-columns-325-101 bde-columns\"><div class=\"bde-column-325-102 bde-column\">\n  \n  \n\t\n\n\n\n<img decoding=\"async\" class=\"bde-image2-325-103 bde-image2 float-img\" src=\"https:\/\/expandeum.com\/wp-content\/uploads\/2025\/07\/expandeum.webp\" loading=\"lazy\" srcset=\"https:\/\/expandeum.com\/wp-content\/uploads\/2025\/07\/expandeum.webp 1024w, https:\/\/expandeum.com\/wp-content\/uploads\/2025\/07\/expandeum-300x300.webp 300w, https:\/\/expandeum.com\/wp-content\/uploads\/2025\/07\/expandeum-150x150.webp 150w, https:\/\/expandeum.com\/wp-content\/uploads\/2025\/07\/expandeum-768x768.webp 768w\" sizes=\"(max-width: 1024px) 100vw, 1024px\">\n<\/div><div class=\"bde-column-325-104 bde-column\" data-parallax=\"true\">\n  \n  \n\t\n\n\n\n<h5 class=\"bde-heading-325-105 bde-heading\">\nBlogs\n<\/h5><h1 class=\"bde-heading-325-177 bde-heading\">\nWas ist im Trend?\n<\/h1><div class=\"bde-rich-text-325-107 bde-rich-text breakdance-rich-text-styles\">\n<p>Entdecken Sie Insights, Trends und Expertentipps, die Ihnen helfen, in einer sich schnell ver\u00e4ndernden Welt immer einen Schritt voraus zu sein. Hier teilen wir Geschichten, Strategien und Inspiration \u2013 basierend auf unserer jahrelangen Erfahrung bei der Unterst\u00fctzung unserer Kunden zum Erfolg.<br \/><br \/>Ob Branchenneuigkeiten, umsetzbare Tipps oder Einblicke hinter die Kulissen unserer Projekte \u2013 unser Ziel ist es, Ihnen wertvolle Inhalte zu bieten, die informieren, inspirieren und st\u00e4rken.<\/p>\n<\/div>\n<\/div><\/div><div class=\"bde-post-list-325-176 bde-post-list\">    <div class=\"bde-isotope-filter-bar\">\n        <div class=\"bde-tabs\">\n            \n\n        \n  \n  \n  <div class=\"bde-tabs__tabslist-container bde-tabs__tabslist-container--scrollable is-horizontal js-tabs-container\">\n    <div class=\"bde-tabs__tabslist bde-tabs__tabslist--pills js-tablist\" role=\"tablist\" aria-label=\"Content tabs\" aria-orientation=\"horizontal\" data-tabs-id=\"isotope\">\n      \n              <button role=\"tab\" aria-selected=\"false\" class=\"bde-tabs__tab js-tab\" aria-controls=\"tab-panel-isotope-1\" id=\"tab-isotope-1\" data-value=\"6\">\n                    <span class=\"bde-tabs__tab-title\">SEO<\/span>\n        <\/button>\n              <button role=\"tab\" aria-selected=\"false\" class=\"bde-tabs__tab js-tab\" aria-controls=\"tab-panel-isotope-2\" id=\"tab-isotope-2\" data-value=\"5\">\n                    <span class=\"bde-tabs__tab-title\">Marketing<\/span>\n        <\/button>\n              <button role=\"tab\" aria-selected=\"false\" class=\"bde-tabs__tab js-tab\" aria-controls=\"tab-panel-isotope-3\" id=\"tab-isotope-3\" data-value=\"4\">\n                    <span class=\"bde-tabs__tab-title\">UI\/UX-Design<\/span>\n        <\/button>\n              <button role=\"tab\" aria-selected=\"false\" class=\"bde-tabs__tab js-tab\" aria-controls=\"tab-panel-isotope-4\" id=\"tab-isotope-4\" data-value=\"3\">\n                    <span class=\"bde-tabs__tab-title\">Webentwicklung<\/span>\n        <\/button>\n          <\/div>\n  <\/div>\n\n\n        <\/div>\n    <\/div>\n<div class=\"bde-loop bde-loop-grid ee-posts ee-posts-grid bde-loop-isotope ee-posts-isotope\">    <article class=\"bde-loop-item ee-post\" data-filters=\"6\">\n                                <a class=\"bde-loop-item__image-link ee-post-image-link\" href=\"https:\/\/expandeum.com\/de\/blog\/understanding-semantic-search-seo\/\" tabindex=\"-1\">\n                <div class=\"bde-loop-item__image ee-post-image\">\n                    <img decoding=\"async\" width=\"854\" height=\"768\" src=\"https:\/\/expandeum.com\/wp-content\/uploads\/2025\/11\/1.jpg\" class=\"attachment-full size-full wp-post-image\" alt=\"Understanding Semantic Search SEO and the Future of Search in an AI Driven World\" srcset=\"https:\/\/expandeum.com\/wp-content\/uploads\/2025\/11\/1.jpg 854w, https:\/\/expandeum.com\/wp-content\/uploads\/2025\/11\/1-300x270.jpg 300w, https:\/\/expandeum.com\/wp-content\/uploads\/2025\/11\/1-768x691.jpg 768w, https:\/\/expandeum.com\/wp-content\/uploads\/2025\/11\/1-13x12.jpg 13w\" sizes=\"(max-width: 854px) 100vw, 854px\" \/>                <\/div>\n            <\/a>\n        \n        \n        <div class=\"bde-loop-item__wrap ee-post-wrap\">\n            \n                            <h3 class=\"ee-post-title\" >\n                    <a class=\"bde-loop-item__title-link ee-post-title-link\" href=\"https:\/\/expandeum.com\/de\/blog\/understanding-semantic-search-seo\/\">\n                        Understanding Semantic Search SEO and the Future of Search in an AI Driven World                    <\/a>\n                <\/h3>\n                            <div class=\"bde-loop-item__content ee-post-content\">\n                    What Is Semantic Search SEO?\u00a0\u00a0 In today\u2019s fast changing digital world, Semantic Search SEO changes how search engines interpret your content and deliver results. Instead of focusing on exact keywords,&hellip;                <\/div>\n            \n            \n        <\/div>\n\n    <\/article>\n\n    <article class=\"bde-loop-item ee-post initially-hidden\" style=\"display: none;\" data-filters=\"5\">\n                                <a class=\"bde-loop-item__image-link ee-post-image-link\" href=\"https:\/\/expandeum.com\/de\/blog\/digital-brand-management\/\" tabindex=\"-1\">\n                <div class=\"bde-loop-item__image ee-post-image\">\n                    <img decoding=\"async\" width=\"854\" height=\"768\" src=\"https:\/\/expandeum.com\/wp-content\/uploads\/2025\/11\/a.jpg\" class=\"attachment-full size-full wp-post-image\" alt=\"Digital Brand Management Explained: Building a Consistent Online Identity\" srcset=\"https:\/\/expandeum.com\/wp-content\/uploads\/2025\/11\/a.jpg 854w, https:\/\/expandeum.com\/wp-content\/uploads\/2025\/11\/a-300x270.jpg 300w, https:\/\/expandeum.com\/wp-content\/uploads\/2025\/11\/a-768x691.jpg 768w, https:\/\/expandeum.com\/wp-content\/uploads\/2025\/11\/a-13x12.jpg 13w\" sizes=\"(max-width: 854px) 100vw, 854px\" \/>                <\/div>\n            <\/a>\n        \n        \n        <div class=\"bde-loop-item__wrap ee-post-wrap\">\n            \n                            <h3 class=\"ee-post-title\" >\n                    <a class=\"bde-loop-item__title-link ee-post-title-link\" href=\"https:\/\/expandeum.com\/de\/blog\/digital-brand-management\/\">\n                        Digital Brand Management Explained: Building a Consistent Online Identity                    <\/a>\n                <\/h3>\n                            <div class=\"bde-loop-item__content ee-post-content\">\n                    What is Digital Brand Management Digital brand management is the process of shaping and guiding how a business is viewed in the online world. It involves controlling every aspect of&hellip;                <\/div>\n            \n            \n        <\/div>\n\n    <\/article>\n\n    <article class=\"bde-loop-item ee-post\" data-filters=\"6\">\n                                <a class=\"bde-loop-item__image-link ee-post-image-link\" href=\"https:\/\/expandeum.com\/de\/blog\/analyse-concurrence-seo\/\" tabindex=\"-1\">\n                <div class=\"bde-loop-item__image ee-post-image\">\n                    <img decoding=\"async\" width=\"854\" height=\"768\" src=\"https:\/\/expandeum.com\/wp-content\/uploads\/2025\/10\/1-3.jpg\" class=\"attachment-full size-full wp-post-image\" alt=\"Analyse Concurrence SEO Authority Guide for Strategic Ranking in 2026\" srcset=\"https:\/\/expandeum.com\/wp-content\/uploads\/2025\/10\/1-3.jpg 854w, https:\/\/expandeum.com\/wp-content\/uploads\/2025\/10\/1-3-300x270.jpg 300w, https:\/\/expandeum.com\/wp-content\/uploads\/2025\/10\/1-3-768x691.jpg 768w, https:\/\/expandeum.com\/wp-content\/uploads\/2025\/10\/1-3-13x12.jpg 13w\" sizes=\"(max-width: 854px) 100vw, 854px\" \/>                <\/div>\n            <\/a>\n        \n        \n        <div class=\"bde-loop-item__wrap ee-post-wrap\">\n            \n                            <h3 class=\"ee-post-title\" >\n                    <a class=\"bde-loop-item__title-link ee-post-title-link\" href=\"https:\/\/expandeum.com\/de\/blog\/analyse-concurrence-seo\/\">\n                        Analyse Concurrence SEO Authority Guide for Strategic Ranking in 2026                    <\/a>\n                <\/h3>\n                            <div class=\"bde-loop-item__content ee-post-content\">\n                    Introduction Search engine optimization is a competitive and evolving journey. Every ranking position in search results reflects strategic effort, research, and technical precision. The concept of analyse concurrence SEO, or&hellip;                <\/div>\n            \n            \n        <\/div>\n\n    <\/article>\n\n    <article class=\"bde-loop-item ee-post initially-hidden\" style=\"display: none;\" data-filters=\"4,5\">\n                                <a class=\"bde-loop-item__image-link ee-post-image-link\" href=\"https:\/\/expandeum.com\/de\/blog\/marketing-and-advertising-graphic-design\/\" tabindex=\"-1\">\n                <div class=\"bde-loop-item__image ee-post-image\">\n                    <img decoding=\"async\" width=\"854\" height=\"768\" src=\"https:\/\/expandeum.com\/wp-content\/uploads\/2025\/10\/1-2.jpg\" class=\"attachment-full size-full wp-post-image\" alt=\"What is Marketing and Advertising Graphic Design?\" srcset=\"https:\/\/expandeum.com\/wp-content\/uploads\/2025\/10\/1-2.jpg 854w, https:\/\/expandeum.com\/wp-content\/uploads\/2025\/10\/1-2-300x270.jpg 300w, https:\/\/expandeum.com\/wp-content\/uploads\/2025\/10\/1-2-768x691.jpg 768w, https:\/\/expandeum.com\/wp-content\/uploads\/2025\/10\/1-2-13x12.jpg 13w\" sizes=\"(max-width: 854px) 100vw, 854px\" \/>                <\/div>\n            <\/a>\n        \n        \n        <div class=\"bde-loop-item__wrap ee-post-wrap\">\n            \n                            <h3 class=\"ee-post-title\" >\n                    <a class=\"bde-loop-item__title-link ee-post-title-link\" href=\"https:\/\/expandeum.com\/de\/blog\/marketing-and-advertising-graphic-design\/\">\n                        Was ist Marketing- und Werbegrafikdesign?                    <\/a>\n                <\/h3>\n                            <div class=\"bde-loop-item__content ee-post-content\">\n                    Introduction:\u00a0 In the modern digital landscape, where visual content dominates every communication channel, the concept of marketing and advertising graphic design stands as one of the most influential elements in&hellip;                <\/div>\n            \n            \n        <\/div>\n\n    <\/article>\n\n    <article class=\"bde-loop-item ee-post initially-hidden\" style=\"display: none;\" data-filters=\"4\">\n                                <a class=\"bde-loop-item__image-link ee-post-image-link\" href=\"https:\/\/expandeum.com\/de\/blog\/modernism-in-graphic-design\/\" tabindex=\"-1\">\n                <div class=\"bde-loop-item__image ee-post-image\">\n                    <img decoding=\"async\" width=\"854\" height=\"768\" src=\"https:\/\/expandeum.com\/wp-content\/uploads\/2025\/10\/1-1.jpg\" class=\"attachment-full size-full wp-post-image\" alt=\"Modernism in Graphic Design: The Powerful Evolution that Shaped Visual Communication\" srcset=\"https:\/\/expandeum.com\/wp-content\/uploads\/2025\/10\/1-1.jpg 854w, https:\/\/expandeum.com\/wp-content\/uploads\/2025\/10\/1-1-300x270.jpg 300w, https:\/\/expandeum.com\/wp-content\/uploads\/2025\/10\/1-1-768x691.jpg 768w, https:\/\/expandeum.com\/wp-content\/uploads\/2025\/10\/1-1-13x12.jpg 13w\" sizes=\"(max-width: 854px) 100vw, 854px\" \/>                <\/div>\n            <\/a>\n        \n        \n        <div class=\"bde-loop-item__wrap ee-post-wrap\">\n            \n                            <h3 class=\"ee-post-title\" >\n                    <a class=\"bde-loop-item__title-link ee-post-title-link\" href=\"https:\/\/expandeum.com\/de\/blog\/modernism-in-graphic-design\/\">\n                        Modernismus im Grafikdesign: Die kraftvolle Entwicklung, die die visuelle Kommunikation gepr\u00e4gt hat                    <\/a>\n                <\/h3>\n                            <div class=\"bde-loop-item__content ee-post-content\">\n                    In the history of visual communication, few movements have left as enduring a mark as modernism in graphic design. Emerging during the early 20th century, modernism reshaped how designers approached&hellip;                <\/div>\n            \n            \n        <\/div>\n\n    <\/article>\n\n    <article class=\"bde-loop-item ee-post initially-hidden\" style=\"display: none;\" data-filters=\"3\">\n                                <a class=\"bde-loop-item__image-link ee-post-image-link\" href=\"https:\/\/expandeum.com\/de\/blog\/corporate-website-development\/\" tabindex=\"-1\">\n                <div class=\"bde-loop-item__image ee-post-image\">\n                    <img decoding=\"async\" width=\"854\" height=\"768\" src=\"https:\/\/expandeum.com\/wp-content\/uploads\/2025\/10\/1.jpg\" class=\"attachment-full size-full wp-post-image\" alt=\"7 Powerful Insights to Master Corporate Website Development\" srcset=\"https:\/\/expandeum.com\/wp-content\/uploads\/2025\/10\/1.jpg 854w, https:\/\/expandeum.com\/wp-content\/uploads\/2025\/10\/1-300x270.jpg 300w, https:\/\/expandeum.com\/wp-content\/uploads\/2025\/10\/1-768x691.jpg 768w, https:\/\/expandeum.com\/wp-content\/uploads\/2025\/10\/1-13x12.jpg 13w\" sizes=\"(max-width: 854px) 100vw, 854px\" \/>                <\/div>\n            <\/a>\n        \n        \n        <div class=\"bde-loop-item__wrap ee-post-wrap\">\n            \n                            <h3 class=\"ee-post-title\" >\n                    <a class=\"bde-loop-item__title-link ee-post-title-link\" href=\"https:\/\/expandeum.com\/de\/blog\/corporate-website-development\/\">\n                        7 kraftvolle Erkenntnisse, um die Entwicklung von Unternehmenswebsites zu meistern                    <\/a>\n                <\/h3>\n                            <div class=\"bde-loop-item__content ee-post-content\">\n                    Corporate Website Development: Building the Digital Foundation of Modern Businesses In today\u2019s competitive digital landscape, a company\u2019s website is more than its online presence, it is the foundation of its&hellip;                <\/div>\n            \n            \n        <\/div>\n\n    <\/article>\n\n    <article class=\"bde-loop-item ee-post\" data-filters=\"6\">\n                                <a class=\"bde-loop-item__image-link ee-post-image-link\" href=\"https:\/\/expandeum.com\/de\/blog\/e-commerce-best-affordable-seo-services-audit\/\" tabindex=\"-1\">\n                <div class=\"bde-loop-item__image ee-post-image\">\n                    <img decoding=\"async\" width=\"854\" height=\"768\" src=\"https:\/\/expandeum.com\/wp-content\/uploads\/2025\/09\/Design-1-1.jpg\" class=\"attachment-full size-full wp-post-image\" alt=\"E-Commerce SEO Audit: Unlocking the True Potential of Your Online store\" srcset=\"https:\/\/expandeum.com\/wp-content\/uploads\/2025\/09\/Design-1-1.jpg 854w, https:\/\/expandeum.com\/wp-content\/uploads\/2025\/09\/Design-1-1-300x270.jpg 300w, https:\/\/expandeum.com\/wp-content\/uploads\/2025\/09\/Design-1-1-768x691.jpg 768w, https:\/\/expandeum.com\/wp-content\/uploads\/2025\/09\/Design-1-1-13x12.jpg 13w\" sizes=\"(max-width: 854px) 100vw, 854px\" \/>                <\/div>\n            <\/a>\n        \n        \n        <div class=\"bde-loop-item__wrap ee-post-wrap\">\n            \n                            <h3 class=\"ee-post-title\" >\n                    <a class=\"bde-loop-item__title-link ee-post-title-link\" href=\"https:\/\/expandeum.com\/de\/blog\/e-commerce-best-affordable-seo-services-audit\/\">\n                        E-Commerce-SEO-Audit: Das volle Potenzial deines Online-Shops entfesseln                    <\/a>\n                <\/h3>\n                            <div class=\"bde-loop-item__content ee-post-content\">\n                    E-commerce has become one of the most competitive spaces in the digital economy. Simply launching a website is no longer enough visibility in search results determines whether potential customers find&hellip;                <\/div>\n            \n            \n        <\/div>\n\n    <\/article>\n\n    <article class=\"bde-loop-item ee-post initially-hidden\" style=\"display: none;\" data-filters=\"3\">\n                                <a class=\"bde-loop-item__image-link ee-post-image-link\" href=\"https:\/\/expandeum.com\/de\/blog\/website-maintenance-services\/\" tabindex=\"-1\">\n                <div class=\"bde-loop-item__image ee-post-image\">\n                    <img decoding=\"async\" width=\"854\" height=\"768\" src=\"https:\/\/expandeum.com\/wp-content\/uploads\/2025\/09\/Design.jpg\" class=\"attachment-full size-full wp-post-image\" alt=\"The role of website maintenance services in business success\" srcset=\"https:\/\/expandeum.com\/wp-content\/uploads\/2025\/09\/Design.jpg 854w, https:\/\/expandeum.com\/wp-content\/uploads\/2025\/09\/Design-300x270.jpg 300w, https:\/\/expandeum.com\/wp-content\/uploads\/2025\/09\/Design-768x691.jpg 768w, https:\/\/expandeum.com\/wp-content\/uploads\/2025\/09\/Design-13x12.jpg 13w\" sizes=\"(max-width: 854px) 100vw, 854px\" \/>                <\/div>\n            <\/a>\n        \n        \n        <div class=\"bde-loop-item__wrap ee-post-wrap\">\n            \n                            <h3 class=\"ee-post-title\" >\n                    <a class=\"bde-loop-item__title-link ee-post-title-link\" href=\"https:\/\/expandeum.com\/de\/blog\/website-maintenance-services\/\">\n                        Die Rolle von Website-Wartungsdiensten f\u00fcr den Gesch\u00e4ftserfolg                    <\/a>\n                <\/h3>\n                            <div class=\"bde-loop-item__content ee-post-content\">\n                    Why Website Maintenance Services Are Essential for Every Business? Your website is more than just an online presence it&#8217;s the digital face of your business. In today\u2019s competitive digital landscape,&hellip;                <\/div>\n            \n            \n        <\/div>\n\n    <\/article>\n\n    <article class=\"bde-loop-item ee-post initially-hidden\" style=\"display: none;\" data-filters=\"3\">\n                                <a class=\"bde-loop-item__image-link ee-post-image-link\" href=\"https:\/\/expandeum.com\/de\/blog\/wordpress-vs-shopify-2025\/\" tabindex=\"-1\">\n                <div class=\"bde-loop-item__image ee-post-image\">\n                    <img decoding=\"async\" width=\"854\" height=\"768\" src=\"https:\/\/expandeum.com\/wp-content\/uploads\/2025\/09\/shopify-vs-wordpress.jpg\" class=\"attachment-full size-full wp-post-image\" alt=\"WordPress vs Shopify 2025: Comprehensive Comparison\" srcset=\"https:\/\/expandeum.com\/wp-content\/uploads\/2025\/09\/shopify-vs-wordpress.jpg 854w, https:\/\/expandeum.com\/wp-content\/uploads\/2025\/09\/shopify-vs-wordpress-300x270.jpg 300w, https:\/\/expandeum.com\/wp-content\/uploads\/2025\/09\/shopify-vs-wordpress-768x691.jpg 768w, https:\/\/expandeum.com\/wp-content\/uploads\/2025\/09\/shopify-vs-wordpress-13x12.jpg 13w\" sizes=\"(max-width: 854px) 100vw, 854px\" \/>                <\/div>\n            <\/a>\n        \n        \n        <div class=\"bde-loop-item__wrap ee-post-wrap\">\n            \n                            <h3 class=\"ee-post-title\" >\n                    <a class=\"bde-loop-item__title-link ee-post-title-link\" href=\"https:\/\/expandeum.com\/de\/blog\/wordpress-vs-shopify-2025\/\">\n                        WordPress vs Shopify 2025: umfassender Vergleich                    <\/a>\n                <\/h3>\n                            <div class=\"bde-loop-item__content ee-post-content\">\n                    WordPress vs Shopify in 2025: The Ultimate E-Commerce Showdown In 2025, the e-commerce landscape is more competitive than ever and choosing the right platform can make or break your online&hellip;                <\/div>\n            \n            \n        <\/div>\n\n    <\/article>\n\n    <article class=\"bde-loop-item ee-post initially-hidden\" style=\"display: none;\" data-filters=\"5\">\n                                <a class=\"bde-loop-item__image-link ee-post-image-link\" href=\"https:\/\/expandeum.com\/de\/blog\/b2b-inbound-marketing-guide\/\" tabindex=\"-1\">\n                <div class=\"bde-loop-item__image ee-post-image\">\n                    <img decoding=\"async\" width=\"854\" height=\"768\" src=\"https:\/\/expandeum.com\/wp-content\/uploads\/2025\/09\/1.jpg\" class=\"attachment-full size-full wp-post-image\" alt=\"B2B Inbound Marketing; A Professional Guide for Sustainable Growth\" srcset=\"https:\/\/expandeum.com\/wp-content\/uploads\/2025\/09\/1.jpg 854w, https:\/\/expandeum.com\/wp-content\/uploads\/2025\/09\/1-300x270.jpg 300w, https:\/\/expandeum.com\/wp-content\/uploads\/2025\/09\/1-768x691.jpg 768w, https:\/\/expandeum.com\/wp-content\/uploads\/2025\/09\/1-13x12.jpg 13w\" sizes=\"(max-width: 854px) 100vw, 854px\" \/>                <\/div>\n            <\/a>\n        \n        \n        <div class=\"bde-loop-item__wrap ee-post-wrap\">\n            \n                            <h3 class=\"ee-post-title\" >\n                    <a class=\"bde-loop-item__title-link ee-post-title-link\" href=\"https:\/\/expandeum.com\/de\/blog\/b2b-inbound-marketing-guide\/\">\n                        B2B Inbound Marketing: Ein professioneller Leitfaden f\u00fcr nachhaltiges Wachstum                    <\/a>\n                <\/h3>\n                            <div class=\"bde-loop-item__content ee-post-content\">\n                    In today\u2019s digital-first business world, decision makers are more informed than ever. Instead of responding to ads or cold calls, they actively search for insights, solutions, and trusted partners. This&hellip;                <\/div>\n            \n            \n        <\/div>\n\n    <\/article>\n\n    <article class=\"bde-loop-item ee-post initially-hidden\" style=\"display: none;\" data-filters=\"5\">\n                                <a class=\"bde-loop-item__image-link ee-post-image-link\" href=\"https:\/\/expandeum.com\/de\/blog\/best-ai-powered-marketing-tools-in-2025\/\" tabindex=\"-1\">\n                <div class=\"bde-loop-item__image ee-post-image\">\n                    <img decoding=\"async\" width=\"854\" height=\"768\" src=\"https:\/\/expandeum.com\/wp-content\/uploads\/2025\/09\/Design-1.jpg\" class=\"attachment-full size-full wp-post-image\" alt=\"Best AI-Powered Marketing tools in 2025\" srcset=\"https:\/\/expandeum.com\/wp-content\/uploads\/2025\/09\/Design-1.jpg 854w, https:\/\/expandeum.com\/wp-content\/uploads\/2025\/09\/Design-1-300x270.jpg 300w, https:\/\/expandeum.com\/wp-content\/uploads\/2025\/09\/Design-1-768x691.jpg 768w, https:\/\/expandeum.com\/wp-content\/uploads\/2025\/09\/Design-1-13x12.jpg 13w\" sizes=\"(max-width: 854px) 100vw, 854px\" \/>                <\/div>\n            <\/a>\n        \n        \n        <div class=\"bde-loop-item__wrap ee-post-wrap\">\n            \n                            <h3 class=\"ee-post-title\" >\n                    <a class=\"bde-loop-item__title-link ee-post-title-link\" href=\"https:\/\/expandeum.com\/de\/blog\/best-ai-powered-marketing-tools-in-2025\/\">\n                        Beste KI-gest\u00fctzte Marketing-Tools im Jahr 2025                    <\/a>\n                <\/h3>\n                            <div class=\"bde-loop-item__content ee-post-content\">\n                    In today\u2019s digital-first world, small businesses face increasing challenges to stay competitive against larger brands with bigger budgets. Fortunately, AI-powered marketing is changing the game by giving small businesses access&hellip;                <\/div>\n            \n            \n        <\/div>\n\n    <\/article>\n\n    <article class=\"bde-loop-item ee-post initially-hidden\" style=\"display: none;\" data-filters=\"5\">\n                                <a class=\"bde-loop-item__image-link ee-post-image-link\" href=\"https:\/\/expandeum.com\/de\/blog\/5-signs-its-time-to-outsource-social-media-management\/\" tabindex=\"-1\">\n                <div class=\"bde-loop-item__image ee-post-image\">\n                    <img decoding=\"async\" width=\"854\" height=\"768\" src=\"https:\/\/expandeum.com\/wp-content\/uploads\/2025\/08\/Screenshot_2-Medium.webp\" class=\"attachment-full size-full wp-post-image\" alt=\"5 Signs It\u2019s Time to Outsource Social Media Management\" srcset=\"https:\/\/expandeum.com\/wp-content\/uploads\/2025\/08\/Screenshot_2-Medium.webp 854w, https:\/\/expandeum.com\/wp-content\/uploads\/2025\/08\/Screenshot_2-Medium-300x270.webp 300w, https:\/\/expandeum.com\/wp-content\/uploads\/2025\/08\/Screenshot_2-Medium-768x691.webp 768w\" sizes=\"(max-width: 854px) 100vw, 854px\" \/>                <\/div>\n            <\/a>\n        \n        \n        <div class=\"bde-loop-item__wrap ee-post-wrap\">\n            \n                            <h3 class=\"ee-post-title\" >\n                    <a class=\"bde-loop-item__title-link ee-post-title-link\" href=\"https:\/\/expandeum.com\/de\/blog\/5-signs-its-time-to-outsource-social-media-management\/\">\n                        5 Anzeichen, dass es Zeit ist, das Social-Media-Management auszulagern                    <\/a>\n                <\/h3>\n                            <div class=\"bde-loop-item__content ee-post-content\">\n                    Ein Unternehmen zu f\u00fchren ist bereits ein Vollzeitjob. Zwischen Kundenbetreuung, Abl\u00e4ufen, Finanzen und Wachstumsstrategien ist das Letzte, was sich die meisten Unternehmer w\u00fcnschen, stundenlang gestresst \u00fcber Instagram und Social Media nachzudenken.                <\/div>\n            \n            \n        <\/div>\n\n    <\/article>\n\n<div class=\"bde-loop-item-gutter ee-post-gutter\"><\/div><div class=\"bde-loop-item-sizer ee-post-sizer\"><\/div><\/div><\/div><\/div>\n<\/section>","protected":false},"excerpt":{"rendered":"","protected":false},"author":2,"featured_media":0,"parent":0,"menu_order":0,"comment_status":"closed","ping_status":"closed","template":"","meta":{"_acf_changed":false,"_breakdance_hide_in_design_set":false,"_breakdance_tags":"","footnotes":""},"class_list":["post-325","page","type-page","status-publish","hentry"],"acf":[],"_links":{"self":[{"href":"https:\/\/expandeum.com\/de\/wp-json\/wp\/v2\/pages\/325","targetHints":{"allow":["GET"]}}],"collection":[{"href":"https:\/\/expandeum.com\/de\/wp-json\/wp\/v2\/pages"}],"about":[{"href":"https:\/\/expandeum.com\/de\/wp-json\/wp\/v2\/types\/page"}],"author":[{"embeddable":true,"href":"https:\/\/expandeum.com\/de\/wp-json\/wp\/v2\/users\/2"}],"replies":[{"embeddable":true,"href":"https:\/\/expandeum.com\/de\/wp-json\/wp\/v2\/comments?post=325"}],"version-history":[{"count":1,"href":"https:\/\/expandeum.com\/de\/wp-json\/wp\/v2\/pages\/325\/revisions"}],"predecessor-version":[{"id":1835,"href":"https:\/\/expandeum.com\/de\/wp-json\/wp\/v2\/pages\/325\/revisions\/1835"}],"wp:attachment":[{"href":"https:\/\/expandeum.com\/de\/wp-json\/wp\/v2\/media?parent=325"}],"curies":[{"name":"wp","href":"https:\/\/api.w.org\/{rel}","templated":true}]}}